{"id":451,"date":"2022-09-23T14:48:32","date_gmt":"2022-09-23T14:48:32","guid":{"rendered":"https:\/\/theme.madsparrow.me\/most\/?page_id=451"},"modified":"2025-05-28T18:48:03","modified_gmt":"2025-05-28T18:48:03","slug":"portfolio","status":"publish","type":"page","link":"https:\/\/agencysensus.mx\/es\/portfolio\/","title":{"rendered":"Portafolio"},"content":{"rendered":"<div data-elementor-type=\"wp-page\" data-elementor-id=\"451\" class=\"elementor elementor-451\">\n\t\t\t\t\t\t<section class=\"elementor-section elementor-top-section elementor-element elementor-element-c975023 elementor-section-height-min-height elementor-section-boxed elementor-section-height-default elementor-section-items-middle\" data-id=\"c975023\" data-element_type=\"section\">\n\t\t\t\t\t\t<div class=\"elementor-container elementor-column-gap-extended\">\n\t\t\t\t\t<div class=\"elementor-column elementor-col-100 elementor-top-column elementor-element elementor-element-7b366e8\" data-id=\"7b366e8\" data-element_type=\"column\">\n\t\t\t<div class=\"elementor-widget-wrap elementor-element-populated\">\n\t\t\t\t\t\t<div class=\"elementor-element elementor-element-34079cd elementor-widget elementor-widget-spacer\" data-id=\"34079cd\" data-element_type=\"widget\" data-widget_type=\"spacer.default\">\n\t\t\t\t<div class=\"elementor-widget-container\">\n\t\t\t\t\t\t\t<div class=\"elementor-spacer\">\n\t\t\t<div class=\"elementor-spacer-inner\"><\/div>\n\t\t<\/div>\n\t\t\t\t\t\t<\/div>\n\t\t\t\t<\/div>\n\t\t\t\t<div class=\"elementor-element elementor-element-ca07432 elementor-widget elementor-widget-ms-hero\" data-id=\"ca07432\" data-element_type=\"widget\" data-widget_type=\"ms-hero.default\">\n\t\t\t\t<div class=\"elementor-widget-container\">\n\t\t\t\t\t\r\n        <section class=\"ms-hero\" id=\"ca07432\">\r\n\r\n                            <div class=\"hero-overlay\"><\/div>\r\n            \r\n                            <div class=\"ms-parallax\" data-speed=\"0.7\" data-type=\"scale\">\r\n                                            <img decoding=\"async\" class=\"jarallax-img\" src=\"https:\/\/agencysensus.mx\/wp-content\/uploads\/2025\/04\/Elipse_Web-1.png\" alt=\"\">\r\n                                                        <\/div>\r\n            \r\n            \r\n                \r\n                    <div class=\"ms-hc\">\r\n                        <div class=\"ms-hc--inner\">\r\n                                                            <h1 class=\"ms-hero-title\">Portafolio <\/h1>\r\n                                                                                        <p class=\"ms-hero-subtitle\">Damos sentido a tu marca<\/p>\r\n                                                    <\/div>\r\n                    <\/div>\r\n\r\n                \r\n                \r\n            \r\n        <\/section>\r\n\r\n    \t\t\t\t<\/div>\n\t\t\t\t<\/div>\n\t\t\t\t\t<\/div>\n\t\t<\/div>\n\t\t\t\t\t<\/div>\n\t\t<\/section>\n\t\t\t\t<section class=\"elementor-section elementor-top-section elementor-element elementor-element-019d2cf elementor-section-boxed elementor-section-height-default elementor-section-height-default\" data-id=\"019d2cf\" data-element_type=\"section\">\n\t\t\t\t\t\t<div class=\"elementor-container elementor-column-gap-extended\">\n\t\t\t\t\t<div class=\"elementor-column elementor-col-100 elementor-top-column elementor-element elementor-element-82066b1\" data-id=\"82066b1\" data-element_type=\"column\">\n\t\t\t<div class=\"elementor-widget-wrap elementor-element-populated\">\n\t\t\t\t\t\t<div class=\"elementor-element elementor-element-196de53 elementor-widget elementor-widget-ms_projects\" data-id=\"196de53\" data-element_type=\"widget\" data-widget_type=\"ms_projects.default\">\n\t\t\t\t<div class=\"elementor-widget-container\">\n\t\t\t\t\t\r\n\t\t<div class=\"portfolio_wrap\" id=\"196de53\">\r\n\r\n\t\t\t\t\t\t\t\t\t\t\t\t\t\t\t\t\t\t<div class=\"subnav\">\r\n\t\t\t\t\t\t\t\t<div class=\"subnav__container\">\r\n\t\t\t\t\t\t\t\t\t<div class=\"filter-nav filter-nav--expanded js-filter-nav\">\r\n\t\t\t\t\t\t\t\t\t<button class=\"reset btn--subtle is-hidden js-filter-nav__control\" aria-label=\"Select a filter option\" aria-controls=\"filter-nav\">\r\n\t\t\t\t\t\t\t\t\t\t<span class=\"js-filter-nav__placeholder\" aria-hidden=\"true\">All<\/span>\r\n\t\t\t\t\t\t\t\t\t\t<svg class=\"icon icon--xxs margin-left-xxs\" aria-hidden=\"true\" viewbox=\"0 0 12 12\"><polyline points=\"0.5 3.5 6 9.5 11.5 3.5\" fill=\"none\" stroke-width=\"1\" stroke=\"currentColor\" stroke-linecap=\"round\" stroke-linejoin=\"round\"><\/polyline><\/svg>\r\n\t\t\t\t\t\t\t\t\t<\/button>\r\n\t\t\t\t\t\t\t\t\t<div class=\"filter-nav__wrapper js-filter-nav__wrapper\" id=\"filter-nav\">\r\n\t\t\t\t\t\t\t\t\t<nav class=\"filter-nav__nav js-filter-nav__nav\">\r\n\t\t\t\t\t\t\t\t\t\t<ul class=\"filtr-btn filter-nav__list js-filter-nav__list\">\r\n\t\t\t\t\t\t\t\t\t\t\t<li class=\"filter-nav__item subnav__link active\" data-filter=\"\">\r\n\t\t\t\t\t\t\t\t\t\t\t\t<button class=\"reset filter-nav__btn js-filter-nav__btn js-tab-focus\" aria-current=\"true\" >Todas las categor\u00edas<\/button>\r\n\t\t\t\t\t\t\t\t\t\t\t<\/li>\r\n\t\t\t\t\t\t\t\t\t\t\t\t\t\t\t\t\t\t\t\t\t\t\t\t\t\t\t\t\t\t\t\t\t\t\t\t<li class=\"filter-nav__item subnav__link\" data-filter=\"campaigns\">\r\n\t\t\t\t\t\t\t\t\t\t\t\t\t\t<button class=\"reset filter-nav__btn js-filter-nav__btn js-tab-focus\" >Campa\u00f1as<\/button>\r\n\t\t\t\t\t\t\t\t\t\t\t\t\t<\/li>\r\n\t\t\t\t\t\t\t\t\t\t\t\t\t\t\t\t\t\t\t\t\t\t\t\t\t\t\t\t\t\t\t\t\t\t\t\t\t\t\t\t\t\t\t\t\t\t\t\t<li class=\"filter-nav__item subnav__link\" data-filter=\"design\">\r\n\t\t\t\t\t\t\t\t\t\t\t\t\t\t<button class=\"reset filter-nav__btn js-filter-nav__btn js-tab-focus\" >Dise\u00f1o<\/button>\r\n\t\t\t\t\t\t\t\t\t\t\t\t\t<\/li>\r\n\t\t\t\t\t\t\t\t\t\t\t\t\t\t\t\t\t\t\t\t\t\t\t\t\t\t\t\t\t\t\t\t\t\t\t\t\t\t\t\t\t\t\t\t\t\t\t\t<li class=\"filter-nav__item subnav__link\" data-filter=\"mobile-app\">\r\n\t\t\t\t\t\t\t\t\t\t\t\t\t\t<button class=\"reset filter-nav__btn js-filter-nav__btn js-tab-focus\" >Aplicaciones m\u00f3viles<\/button>\r\n\t\t\t\t\t\t\t\t\t\t\t\t\t<\/li>\r\n\t\t\t\t\t\t\t\t\t\t\t\t\t\t\t\t\t\t\t\t\t\t\t\t\t\t\t\t\t\t\t\t\t\t\t\t\t\t\t\t\t\t\t\t\t\t\t\t<li class=\"filter-nav__item subnav__link\" data-filter=\"photography\">\r\n\t\t\t\t\t\t\t\t\t\t\t\t\t\t<button class=\"reset filter-nav__btn js-filter-nav__btn js-tab-focus\" >Fotograf\u00eda<\/button>\r\n\t\t\t\t\t\t\t\t\t\t\t\t\t<\/li>\r\n\t\t\t\t\t\t\t\t\t\t\t\t\t\t\t\t\t\t\t\t\t\t\t\t\t\t\t\t\t\t\t\t\t\t\t\t\t\t\t\t\t\t\t\t\t\t\t\t<li class=\"filter-nav__item subnav__link\" data-filter=\"rebranding\">\r\n\t\t\t\t\t\t\t\t\t\t\t\t\t\t<button class=\"reset filter-nav__btn js-filter-nav__btn js-tab-focus\" >Redise\u00f1o de marca<\/button>\r\n\t\t\t\t\t\t\t\t\t\t\t\t\t<\/li>\r\n\t\t\t\t\t\t\t\t\t\t\t\t\t\t\t\t\t\t\t\t\t\t\t\t\t\t\t\t\t\t\t\t\t\t\t\t\t\t\t\t\t\t\t\t\t\t\t\t<li class=\"filter-nav__item subnav__link\" data-filter=\"videography\">\r\n\t\t\t\t\t\t\t\t\t\t\t\t\t\t<button class=\"reset filter-nav__btn js-filter-nav__btn js-tab-focus\" >Video<\/button>\r\n\t\t\t\t\t\t\t\t\t\t\t\t\t<\/li>\r\n\t\t\t\t\t\t\t\t\t\t\t\t\t\t\t\t\t\t\t\t\t\t\t\t\t\t\t\t\t\t\t\t\t\t\t\t\t\t\t\t\t\t\t\t\t\t\t\t<li class=\"filter-nav__item subnav__link\" data-filter=\"web\">\r\n\t\t\t\t\t\t\t\t\t\t\t\t\t\t<button class=\"reset filter-nav__btn js-filter-nav__btn js-tab-focus\" >Web<\/button>\r\n\t\t\t\t\t\t\t\t\t\t\t\t\t<\/li>\r\n\t\t\t\t\t\t\t\t\t\t\t\t\t\t\t\t\t\t\t\t\t\t\t\t\t\t\t\t\t\t\t\t\t\t<li class=\"filter-nav__marker js-filter-nav__marker\" aria-hidden=\"true\"><\/li>\r\n\t\t\t\t\t\t\t\t\t\t<\/ul>\r\n\t\t\t\t\t\t\t\t\t<button class=\"reset filter-nav__close-btn is-hidden js-filter-nav__close-btn js-tab-focus\" aria-label=\"Cerrar navegaci\u00f3n\">\r\n\t\t\t\t\t\t\t\t\t\t<svg class=\"icon\" viewbox=\"0 0 14 14\" aria-hidden=\"true\"><g stroke-width=\"1\" stroke=\"currentColor\" fill=\"none\" stroke-linecap=\"round\" stroke-linejoin=\"round\" stroke-miterlimit=\"10\"><line x1=\"13.5\" y1=\"2.5\" x2=\"2.5\" y2=\"13.5\"><\/line><line x1=\"2.5\" y1=\"2.5\" x2=\"13.5\" y2=\"13.5\"><\/line><\/g><\/svg>\r\n\t\t\t\t\t\t\t\t\t<\/button>\r\n\t\t\t\t\t\t\t\t\t<\/nav>\r\n\t\t\t\t\t\t\t\t<\/div>\r\n\t\t\t\t\t\t\t\t\t<\/div>\r\n\t\t\t\t\t\t\t\t<\/div>\r\n\t\t\t\t\t\t\t<\/div>\r\n\t\t\t\t\t\t\t\t\t\t\t\t\t\t\t\r\n\t\t\t\t<div class=\"portfolio-feed ms-p--m grid-content\">\r\n\t\t\t\t\t<span class=\"load_filter\">\r\n\t\t\t\t\t\t<svg class=\"load-filter-icon\" width=\"100%\" height=\"100%\" viewbox=\"0 0 100 100\" preserveaspectratio=\"xMidYMid\">\r\n\t\t\t\t\t\t\t<circle cx=\"50\" cy=\"50\" r=\"30\" stroke-width=\"6\" stroke-linecap=\"round\" fill=\"none\">\r\n\t\t\t\t\t\t\t\t<animatetransform attributename=\"transform\" type=\"rotate\" repeatcount=\"indefinite\" dur=\"1s\" values=\"0 50 50;180 50 50;720 50 50\" keytimes=\"0;0.5;1\"><\/animatetransform>\r\n\t\t\t\t\t\t\t\t<animate attributename=\"stroke-dasharray\" repeatcount=\"indefinite\" dur=\"1s\" values=\"18.84955592153876 169.64600329384882;94.2477796076938 94.24777960769377;18.84955592153876 169.64600329384882\" keytimes=\"0;0.5;1\"><\/animate>\r\n\t\t\t\t\t\t\t<\/circle>\r\n\t\t\t\t\t\t<\/svg>\r\n\t\t\t\t\t<\/span>\r\n\r\n\t\t\t\t\t\t\t\t\t\t\t<div class=\"row ms-masonry-gallery\">\r\n\t\t\t\t\t\r\n\t\t\t\t\t<div class=\"grid-sizer col-md-4\"><\/div>\r\n\t\t\t\t\t\t\t\t\t\t\t\r\n\t\t\t\t\t\t<div class=\"fadein zoom center h-align-middle grid-item-p col-md-4 post-2737 portfolios type-portfolios status-publish has-post-thumbnail hentry portfolios_categories-campaigns portfolios_categories-design portfolios_categories-photography portfolios_categories-videography portfolios_categories-web\">\r\n\r\n\t\t\t\t\t\t\t<div class=\"item--inner\">\r\n\r\n\t\t\t\t\t\t\t\t<a href=\"https:\/\/agencysensus.mx\/es\/portfolios\/burcat-power-marketing-360\/\" aria-label=\"Burcat Power Marketing 360\">\r\n\t\t\t\t\t\t\t\t\t\t\t\t\t\t\t\t\t\t\t<figure class=\"ms-p-img\">\r\n\t\t\t\t\t\t\t\t\t\t\t<img decoding=\"async\" src=\"https:\/\/agencysensus.mx\/wp-content\/uploads\/2025\/04\/Motosierra_CS5800_Web-1120x1120.jpg\" alt=\"Burcat Power Marketing 360\">\r\n\t\t\t\t\t\t\t\t\t\t<\/figure>\r\n\t\t\t\t\t\t\t\t\t\r\n\t\t\t\t\t\t\t\t\t<div class=\"ms-p-content\">\r\n\t\t\t\t\t\t\t\t\t\t<h3>Burcat Power Marketing 360<\/h3>\r\n\t\t\t\t\t\t\t\t\t\t\t\t\t\t\t\t\t\t\t\t\t<h4 class=\"ms-p-cat\">campa\u00f1as, dise\u00f1o, fotograf\u00eda, video, web<\/h4>\r\n\t\t\t\t\t\t\t\t\t\t\t\t\t\t\t\t\t\t\t<\/div>\r\n\t\t\t\t\t\t\t\t<\/a>\r\n\r\n\t\t\t\t\t\t\t<\/div>\r\n\r\n\t\t\t\t\t\t<\/div>\r\n\t\t\t\t\t\t\t\t\t\t\t\r\n\t\t\t\t\t\t<div class=\"fadein zoom center h-align-middle grid-item-p col-md-4 post-2713 portfolios type-portfolios status-publish has-post-thumbnail hentry portfolios_categories-campaigns portfolios_categories-photography portfolios_categories-videography\">\r\n\r\n\t\t\t\t\t\t\t<div class=\"item--inner\">\r\n\r\n\t\t\t\t\t\t\t\t<a href=\"https:\/\/agencysensus.mx\/es\/portfolios\/videography-tecmm\/\" aria-label=\"Video TecMM\">\r\n\t\t\t\t\t\t\t\t\t\t\t\t\t\t\t\t\t\t\t<figure class=\"ms-p-img\">\r\n\t\t\t\t\t\t\t\t\t\t\t<img decoding=\"async\" src=\"https:\/\/agencysensus.mx\/wp-content\/uploads\/2025\/04\/Tec_MM-1120x630.jpg\" alt=\"Videography TecMM\">\r\n\t\t\t\t\t\t\t\t\t\t<\/figure>\r\n\t\t\t\t\t\t\t\t\t\r\n\t\t\t\t\t\t\t\t\t<div class=\"ms-p-content\">\r\n\t\t\t\t\t\t\t\t\t\t<h3>Video TecMM<\/h3>\r\n\t\t\t\t\t\t\t\t\t\t\t\t\t\t\t\t\t\t\t\t\t<h4 class=\"ms-p-cat\">Campa\u00f1as, fotograf\u00eda, video<\/h4>\r\n\t\t\t\t\t\t\t\t\t\t\t\t\t\t\t\t\t\t\t<\/div>\r\n\t\t\t\t\t\t\t\t<\/a>\r\n\r\n\t\t\t\t\t\t\t<\/div>\r\n\r\n\t\t\t\t\t\t<\/div>\r\n\t\t\t\t\t\t\t\t\t\t\t\r\n\t\t\t\t\t\t<div class=\"fadein zoom center h-align-middle grid-item-p col-md-4 post-2699 portfolios type-portfolios status-publish has-post-thumbnail hentry portfolios_categories-campaigns portfolios_categories-design portfolios_categories-photography\">\r\n\r\n\t\t\t\t\t\t\t<div class=\"item--inner\">\r\n\r\n\t\t\t\t\t\t\t\t<a href=\"https:\/\/agencysensus.mx\/es\/portfolios\/sensus-360\/\" aria-label=\"Fotograf\u00eda Devo\">\r\n\t\t\t\t\t\t\t\t\t\t\t\t\t\t\t\t\t\t\t<figure class=\"ms-p-img\">\r\n\t\t\t\t\t\t\t\t\t\t\t<img decoding=\"async\" src=\"https:\/\/agencysensus.mx\/wp-content\/uploads\/2025\/04\/Devo_Test_Web-1120x747.jpg\" alt=\"Photography Devo\">\r\n\t\t\t\t\t\t\t\t\t\t<\/figure>\r\n\t\t\t\t\t\t\t\t\t\r\n\t\t\t\t\t\t\t\t\t<div class=\"ms-p-content\">\r\n\t\t\t\t\t\t\t\t\t\t<h3>Fotograf\u00eda Devo<\/h3>\r\n\t\t\t\t\t\t\t\t\t\t\t\t\t\t\t\t\t\t\t\t\t<h4 class=\"ms-p-cat\">campa\u00f1as, dise\u00f1o, fotograf\u00eda<\/h4>\r\n\t\t\t\t\t\t\t\t\t\t\t\t\t\t\t\t\t\t\t<\/div>\r\n\t\t\t\t\t\t\t\t<\/a>\r\n\r\n\t\t\t\t\t\t\t<\/div>\r\n\r\n\t\t\t\t\t\t<\/div>\r\n\t\t\t\t\t\t\t\t\t\t\t\r\n\t\t\t\t\t\t<div class=\"fadein zoom center h-align-middle grid-item-p col-md-4 post-2691 portfolios type-portfolios status-publish has-post-thumbnail hentry portfolios_categories-mobile-app\">\r\n\r\n\t\t\t\t\t\t\t<div class=\"item--inner\">\r\n\r\n\t\t\t\t\t\t\t\t<a href=\"https:\/\/agencysensus.mx\/es\/portfolios\/app-on\/\" aria-label=\"App ON\">\r\n\t\t\t\t\t\t\t\t\t\t\t\t\t\t\t\t\t\t\t<figure class=\"ms-p-img\">\r\n\t\t\t\t\t\t\t\t\t\t\t<img decoding=\"async\" src=\"https:\/\/agencysensus.mx\/wp-content\/uploads\/2025\/04\/App_OtraNoche_web_00025-1120x630.png\" alt=\"APP ON\">\r\n\t\t\t\t\t\t\t\t\t\t<\/figure>\r\n\t\t\t\t\t\t\t\t\t\r\n\t\t\t\t\t\t\t\t\t<div class=\"ms-p-content\">\r\n\t\t\t\t\t\t\t\t\t\t<h3>App ON<\/h3>\r\n\t\t\t\t\t\t\t\t\t\t\t\t\t\t\t\t\t\t\t\t\t<h4 class=\"ms-p-cat\">Aplicaci\u00f3n movil<\/h4>\r\n\t\t\t\t\t\t\t\t\t\t\t\t\t\t\t\t\t\t\t<\/div>\r\n\t\t\t\t\t\t\t\t<\/a>\r\n\r\n\t\t\t\t\t\t\t<\/div>\r\n\r\n\t\t\t\t\t\t<\/div>\r\n\t\t\t\t\t\t\t\t\t\t\t\r\n\t\t\t\t\t\t<div class=\"fadein zoom center h-align-middle grid-item-p col-md-4 post-2686 portfolios type-portfolios status-publish has-post-thumbnail hentry portfolios_categories-rebranding portfolios_categories-web\">\r\n\r\n\t\t\t\t\t\t\t<div class=\"item--inner\">\r\n\r\n\t\t\t\t\t\t\t\t<a href=\"https:\/\/agencysensus.mx\/es\/portfolios\/rebranding-escarlata\/\" aria-label=\"Redise\u00f1o Escarlata\">\r\n\t\t\t\t\t\t\t\t\t\t\t\t\t\t\t\t\t\t\t<figure class=\"ms-p-img\">\r\n\t\t\t\t\t\t\t\t\t\t\t<img decoding=\"async\" src=\"https:\/\/agencysensus.mx\/wp-content\/uploads\/2025\/04\/Branding_Web_Escarlata-1120x630.jpg\" alt=\"Rebranding Escarlata\">\r\n\t\t\t\t\t\t\t\t\t\t<\/figure>\r\n\t\t\t\t\t\t\t\t\t\r\n\t\t\t\t\t\t\t\t\t<div class=\"ms-p-content\">\r\n\t\t\t\t\t\t\t\t\t\t<h3>Redise\u00f1o Escarlata<\/h3>\r\n\t\t\t\t\t\t\t\t\t\t\t\t\t\t\t\t\t\t\t\t\t<h4 class=\"ms-p-cat\">Redise\u00f1o de marca, web<\/h4>\r\n\t\t\t\t\t\t\t\t\t\t\t\t\t\t\t\t\t\t\t<\/div>\r\n\t\t\t\t\t\t\t\t<\/a>\r\n\r\n\t\t\t\t\t\t\t<\/div>\r\n\r\n\t\t\t\t\t\t<\/div>\r\n\t\t\t\t\t\r\n\t\t\t\t\t\t\t\t\t\t\t<\/div>\r\n\t\t\t\t\t\r\n\t\t\t\t<\/div>\r\n\r\n\t\t\t\t\t\t\t\t\t\t\t\t\t\r\n\t\t\t\t\t\t\r\n\t\t\t\r\n\t\t<\/div>\r\n\r\n\t\t\t\t\t\t<\/div>\n\t\t\t\t<\/div>\n\t\t\t\t\t<\/div>\n\t\t<\/div>\n\t\t\t\t\t<\/div>\n\t\t<\/section>\n\t\t\t\t<\/div>","protected":false},"excerpt":{"rendered":"<p>Portfolio We bring sense to your brand All All Categories Campaigns Design Mobile App Photography Rebranding Videography Web Burcat Power Marketing 360 campaigns, design, [&hellip;]<\/p>","protected":false},"author":1,"featured_media":0,"parent":0,"menu_order":0,"comment_status":"closed","ping_status":"closed","template":"page-custom.php","meta":{"_acf_changed":false,"content-type":"","footnotes":""},"class_list":["post-451","page","type-page","status-publish","hentry"],"acf":{"full_width":false,"header_transparent":false,"header_white":false},"_links":{"self":[{"href":"https:\/\/agencysensus.mx\/es\/wp-json\/wp\/v2\/pages\/451","targetHints":{"allow":["GET"]}}],"collection":[{"href":"https:\/\/agencysensus.mx\/es\/wp-json\/wp\/v2\/pages"}],"about":[{"href":"https:\/\/agencysensus.mx\/es\/wp-json\/wp\/v2\/types\/page"}],"author":[{"embeddable":true,"href":"https:\/\/agencysensus.mx\/es\/wp-json\/wp\/v2\/users\/1"}],"replies":[{"embeddable":true,"href":"https:\/\/agencysensus.mx\/es\/wp-json\/wp\/v2\/comments?post=451"}],"version-history":[{"count":30,"href":"https:\/\/agencysensus.mx\/es\/wp-json\/wp\/v2\/pages\/451\/revisions"}],"predecessor-version":[{"id":3271,"href":"https:\/\/agencysensus.mx\/es\/wp-json\/wp\/v2\/pages\/451\/revisions\/3271"}],"wp:attachment":[{"href":"https:\/\/agencysensus.mx\/es\/wp-json\/wp\/v2\/media?parent=451"}],"curies":[{"name":"wp","href":"https:\/\/api.w.org\/{rel}","templated":true}]}}