{"id":3,"date":"2025-03-06T03:35:50","date_gmt":"2025-03-06T03:35:50","guid":{"rendered":"https:\/\/agencysensus.mx\/?page_id=3"},"modified":"2025-05-28T18:52:36","modified_gmt":"2025-05-28T18:52:36","slug":"privacy-policy","status":"publish","type":"page","link":"https:\/\/agencysensus.mx\/es\/privacy-policy\/","title":{"rendered":"Politica de privacidad"},"content":{"rendered":"<h2 class=\"wp-block-heading\">Politica de privacidad<\/h2>\n\n\n\n<p>Esta Pol\u00edtica de Privacidad tiene como objetivo informarle sobre la informaci\u00f3n personal que Agency Sensus puede recopilar y c\u00f3mo la utilizamos, compartimos y protegemos. Al utilizar este sitio, usted acepta esta Pol\u00edtica de Privacidad, por lo que recomendamos encarecidamente a nuestros visitantes que la consulten peri\u00f3dicamente para mantenerse informados sobre su contenido y cualquier cambio. En la siguiente pol\u00edtica, \"nosotros\" y \"sitio\" se refieren a Agency Sensus.<br><br>Aplicabilidad de esta Pol\u00edtica de Privacidad<br><br>Esta Pol\u00edtica de Privacidad refleja la informaci\u00f3n que se recopila y comparte a trav\u00e9s de agencysensus.mx. Para otros canales de distribuci\u00f3n (correo electr\u00f3nico, redes sociales, etc.), podr\u00edan aplicarse normas diferentes.<br><br>Uso de la informaci\u00f3n<br><br>Para satisfacer mejor sus necesidades, Agency Sensus recopila y almacena la informaci\u00f3n personal que usted proporciona voluntariamente a trav\u00e9s de nuestros formularios de contacto y otros medios de comunicaci\u00f3n. Esta informaci\u00f3n puede incluir, entre otros, su nombre, correo electr\u00f3nico, n\u00famero de tel\u00e9fono y curr\u00edculum vitae. El sitio web tambi\u00e9n puede recopilar autom\u00e1ticamente informaci\u00f3n para mejorar su experiencia de usuario, incluyendo su direcci\u00f3n IP, tipo de navegador, sistema operativo, URL de referencia y acciones realizadas en el sitio. Esta informaci\u00f3n puede utilizarse para ofrecerle una mejor experiencia de usuario, optimizar nuestro sitio para satisfacer mejor sus necesidades o enviar correos electr\u00f3nicos peri\u00f3dicos relevantes para usted, as\u00ed como para responder a consultas, preguntas u otras solicitudes.<br><br>Valoramos su informaci\u00f3n y protegemos su privacidad utiliz\u00e1ndola \u00fanicamente para su mayor beneficio. Agency Sensus no alquila, vende ni comparte su informaci\u00f3n personal con otras personas ni empresas no afiliadas sin su consentimiento expl\u00edcito, salvo para los siguientes fines:<br><br><br>Para proporcionarle los productos o servicios que ha solicitado<br><br><br>Proporcionar la informaci\u00f3n a entidades de confianza que trabajan en nombre de o con Agency Sensus bajo estrictos acuerdos de confidencialidad para que nos ayuden a comunicarnos con usted sobre ofertas relevantes de Agency Sensus y nuestros socios de marketing. Estas empresas no tienen derecho a compartir o difundir esta informaci\u00f3n.<br><br><br>Para responder a citaciones, \u00f3rdenes judiciales o procesos legales, o para establecer o ejercer nuestros derechos legales o defendernos de demandas legales.<br><br><br>Compartir la informaci\u00f3n para investigar, prevenir o tomar medidas contra cualquier actividad ilegal, sospecha de fraude, situaciones que impliquen amenazas potenciales a la seguridad f\u00edsica de cualquier persona o seg\u00fan lo requiera la ley.<br>Para transferir informaci\u00f3n sobre usted si Agency Sensus es adquirida o fusionada con otra empresa.<br><br><br><br>Informaci\u00f3n segura<br><br>Adoptamos los mejores est\u00e1ndares de la industria para la recopilaci\u00f3n de datos, almacenamiento, pr\u00e1cticas de procesamiento y medidas de seguridad para protegerlo contra el acceso no autorizado, la alteraci\u00f3n, la divulgaci\u00f3n o la destrucci\u00f3n de su informaci\u00f3n personal.<br><br>\u200b<br>Cookies<br><br>Nuestro sitio web puede utilizar cookies para mejorar y personalizar su experiencia de usuario. Su navegador genera cookies para fines de registro y para rastrear informaci\u00f3n sobre su navegaci\u00f3n en el sitio web. Puede modificar la aceptaci\u00f3n de cookies mediante su configuraci\u00f3n personal. Puede configurar su navegador para que rechace las cookies o para que le avise cuando se env\u00eden; sin embargo, esto puede limitar la funcionalidad del sitio web. Las cookies tambi\u00e9n se utilizan con fines de seguridad, para obtener datos estad\u00edsticos del sitio web, p\u00e1ginas visitadas, archivos descargados y la ruta del usuario.<br><br><br><br>Enlaces a otros sitios web<br><br>Para proporcionar informaci\u00f3n o servicios adicionales, Agency Sensus puede incluir enlaces a sitios web externos. Al hacer clic en dichos enlaces, abandonar\u00e1 el sitio de Agency Sensus. Las pr\u00e1cticas de privacidad de otros sitios pueden ser diferentes a las nuestras. No respaldamos ni hacemos ninguna declaraci\u00f3n sobre sitios web de terceros. Al salir del sitio de Agency Sensus, le recomendamos encarecidamente que consulte la Pol\u00edtica de Privacidad del otro sitio para asegurarse de que se ajuste a sus preferencias personales.<br><br>\u200b<br>Cumplimiento de la Ley de Protecci\u00f3n de la Privacidad Infantil en L\u00ednea<br><br>Proteger la privacidad de los ni\u00f1os es importante. El contenido de este sitio no pretende atraer ni involucrar a menores de 13 a\u00f1os. Por ello, nunca recopilamos ni mantenemos informaci\u00f3n de menores de 13 a\u00f1os en nuestro sitio.<br><br>\u200b<br>Tu Informaci\u00f3n, Tu Elecci\u00f3n<br><br>Si decide dejar de recibir notificaciones por correo electr\u00f3nico de Agency Sensus, puede cancelar su suscripci\u00f3n en cualquier momento. Si nos ha proporcionado su informaci\u00f3n, puede solicitar que la actualicemos, modifiquemos o eliminemos seg\u00fan sea necesario contact\u00e1ndonos.<br><br><br><br>Cambios a esta pol\u00edtica de privacidad<br><br>Agency Sensus se reserva el derecho de actualizar esta Pol\u00edtica de Privacidad a su discreci\u00f3n en cualquier momento. Para su conocimiento, nos esforzamos al m\u00e1ximo para notificar a los usuarios sobre los cambios en la pol\u00edtica. Las versiones anteriores de esta pol\u00edtica se conservan para fines informativos. Recomendamos a nuestros usuarios que consulten esta p\u00e1gina con frecuencia para estar al tanto de los posibles cambios y mantenerse informados sobre c\u00f3mo protegemos su informaci\u00f3n personal.<br><br>\u200b<br>Su aceptaci\u00f3n de estos t\u00e9rminos<br><br>Al usar este sitio, usted acepta esta pol\u00edtica. Si no la acepta, le rogamos que no utilice nuestro sitio. Su uso continuado del sitio, ahora o despu\u00e9s de la publicaci\u00f3n de cambios a esta pol\u00edtica, se considerar\u00e1 como su aceptaci\u00f3n del sitio y de cualquier cambio.<br><br>\u200b<br>Cont\u00e1ctenos<br><br>Si tiene alguna pregunta sobre nuestra Pol\u00edtica de Privacidad, las pr\u00e1cticas de este sitio o sus relaciones con agencysensus.mx, cont\u00e1ctenos a trav\u00e9s de nuestro Formulario de Contacto o con la siguiente informaci\u00f3n:<br><br><br><br>Agency Sensus<\/p>\n\n\n\n<p>contact@agencysensus.mx<\/p>\n\n\n\n<p><\/p>","protected":false},"excerpt":{"rendered":"<p>PRIVACY POLICY This Privacy Policy is intended to inform you regarding the personal information that may be collected through Agency Sensus and how we [&hellip;]<\/p>","protected":false},"author":1,"featured_media":0,"parent":0,"menu_order":0,"comment_status":"closed","ping_status":"closed","template":"","meta":{"_acf_changed":false,"content-type":"","footnotes":""},"class_list":["post-3","page","type-page","status-publish","hentry"],"acf":{"full_width":false,"header_transparent":false,"header_white":false},"_links":{"self":[{"href":"https:\/\/agencysensus.mx\/es\/wp-json\/wp\/v2\/pages\/3","targetHints":{"allow":["GET"]}}],"collection":[{"href":"https:\/\/agencysensus.mx\/es\/wp-json\/wp\/v2\/pages"}],"about":[{"href":"https:\/\/agencysensus.mx\/es\/wp-json\/wp\/v2\/types\/page"}],"author":[{"embeddable":true,"href":"https:\/\/agencysensus.mx\/es\/wp-json\/wp\/v2\/users\/1"}],"replies":[{"embeddable":true,"href":"https:\/\/agencysensus.mx\/es\/wp-json\/wp\/v2\/comments?post=3"}],"version-history":[{"count":3,"href":"https:\/\/agencysensus.mx\/es\/wp-json\/wp\/v2\/pages\/3\/revisions"}],"predecessor-version":[{"id":3280,"href":"https:\/\/agencysensus.mx\/es\/wp-json\/wp\/v2\/pages\/3\/revisions\/3280"}],"wp:attachment":[{"href":"https:\/\/agencysensus.mx\/es\/wp-json\/wp\/v2\/media?parent=3"}],"curies":[{"name":"wp","href":"https:\/\/api.w.org\/{rel}","templated":true}]}}