{"id":2419,"date":"2022-10-27T16:19:17","date_gmt":"2022-10-27T16:19:17","guid":{"rendered":"https:\/\/theme.madsparrow.me\/most\/?page_id=2419"},"modified":"2025-07-01T17:41:07","modified_gmt":"2025-07-01T17:41:07","slug":"testimonials-2","status":"publish","type":"page","link":"https:\/\/agencysensus.mx\/es\/testimonials-2\/","title":{"rendered":"Servicios"},"content":{"rendered":"<div data-elementor-type=\"wp-page\" data-elementor-id=\"2419\" class=\"elementor elementor-2419\">\n\t\t\t\t\t\t<section class=\"elementor-section elementor-top-section elementor-element elementor-element-e6fbb07 elementor-section-full_width elementor-section-height-default elementor-section-height-default\" data-id=\"e6fbb07\" data-element_type=\"section\">\n\t\t\t\t\t\t<div class=\"elementor-container elementor-column-gap-no\">\n\t\t\t\t\t<div class=\"elementor-column elementor-col-100 elementor-top-column elementor-element elementor-element-eafc035\" data-id=\"eafc035\" data-element_type=\"column\">\n\t\t\t<div class=\"elementor-widget-wrap elementor-element-populated\">\n\t\t\t\t\t\t<div class=\"elementor-element elementor-element-ac9ae69 elementor-widget elementor-widget-ms-hero\" data-id=\"ac9ae69\" data-element_type=\"widget\" data-widget_type=\"ms-hero.default\">\n\t\t\t\t<div class=\"elementor-widget-container\">\n\t\t\t\t\t\r\n        <section class=\"ms-hero\" id=\"ac9ae69\">\r\n\r\n            \r\n                            <div class=\"ms-parallax\" data-speed=\"0.7\" data-type=\"scroll\">\r\n                                            <img decoding=\"async\" class=\"jarallax-img\" src=\"https:\/\/agencysensus.mx\/wp-content\/uploads\/2025\/04\/HeroShot-scaled-e1745425135742.jpg\" alt=\"\">\r\n                                                        <\/div>\r\n            \r\n            \r\n                \r\n                    <div class=\"ms-hc\">\r\n                        <div class=\"ms-hc--inner\">\r\n                                                            <h1 class=\"ms-hero-title\"><br><br><br>Servicios<\/h1>\r\n                                                                                        <p class=\"ms-hero-subtitle\">Impulsando marcas a trav\u00e9s de la <br> Maestria Digital Creativa<\/p>\r\n                                                    <\/div>\r\n                    <\/div>\r\n\r\n                \r\n                \r\n            \r\n        <\/section>\r\n\r\n    \t\t\t\t<\/div>\n\t\t\t\t<\/div>\n\t\t\t\t<div class=\"elementor-element elementor-element-9823756 elementor-widget elementor-widget-spacer\" data-id=\"9823756\" data-element_type=\"widget\" data-widget_type=\"spacer.default\">\n\t\t\t\t<div class=\"elementor-widget-container\">\n\t\t\t\t\t\t\t<div class=\"elementor-spacer\">\n\t\t\t<div class=\"elementor-spacer-inner\"><\/div>\n\t\t<\/div>\n\t\t\t\t\t\t<\/div>\n\t\t\t\t<\/div>\n\t\t\t\t\t<\/div>\n\t\t<\/div>\n\t\t\t\t\t<\/div>\n\t\t<\/section>\n\t\t\t\t<section class=\"elementor-section elementor-top-section elementor-element elementor-element-d68a50f elementor-section-boxed elementor-section-height-default elementor-section-height-default\" data-id=\"d68a50f\" data-element_type=\"section\">\n\t\t\t\t\t\t<div class=\"elementor-container elementor-column-gap-no\">\n\t\t\t\t\t<div class=\"elementor-column elementor-col-100 elementor-top-column elementor-element elementor-element-fb73872\" data-id=\"fb73872\" data-element_type=\"column\">\n\t\t\t<div class=\"elementor-widget-wrap elementor-element-populated\">\n\t\t\t\t\t\t<section class=\"elementor-section elementor-inner-section elementor-element elementor-element-1e69014 elementor-section-full_width elementor-section-height-default elementor-section-height-default\" data-id=\"1e69014\" data-element_type=\"section\">\n\t\t\t\t\t\t<div class=\"elementor-container elementor-column-gap-no\">\n\t\t\t\t\t<div class=\"elementor-column elementor-col-33 elementor-inner-column elementor-element elementor-element-016ec91\" data-id=\"016ec91\" data-element_type=\"column\">\n\t\t\t<div class=\"elementor-widget-wrap elementor-element-populated\">\n\t\t\t\t\t\t<div class=\"elementor-element elementor-element-4e6ca0a elementor-widget elementor-widget-services\" data-id=\"4e6ca0a\" data-element_type=\"widget\" data-widget_type=\"services.default\">\n\t\t\t\t<div class=\"elementor-widget-container\">\n\t\t\t\t\t        \r\n        <div class=\"ms-sb img-top\">\r\n\r\n            \r\n                <div class=\"ms-sb--img boxed\">\r\n                                            <img decoding=\"async\" src=\"https:\/\/theme.madsparrow.me\/most\/wp-content\/uploads\/2022\/10\/code-1.svg\" title=\"\" alt=\"\" loading=\"lazy\" \/>                                    <\/div>\r\n\r\n            \r\n            <div class=\"ms-sb--inner\">\r\n                                    <h4 class=\"ms-sb--title\">\r\n                                                    <span>Marketing Digital<\/span>\r\n                                            <\/h4>\r\n                                                    <p class=\"ms-sb--text\">Maximice su alcance e impacto con estrategias de marketing digital basadas en datos que convierten.<\/p>\r\n                            <\/div>\r\n\r\n        <\/div>\r\n\r\n        \t\t\t\t<\/div>\n\t\t\t\t<\/div>\n\t\t\t\t\t<\/div>\n\t\t<\/div>\n\t\t\t\t<div class=\"elementor-column elementor-col-33 elementor-inner-column elementor-element elementor-element-d290653\" data-id=\"d290653\" data-element_type=\"column\">\n\t\t\t<div class=\"elementor-widget-wrap elementor-element-populated\">\n\t\t\t\t\t\t<div class=\"elementor-element elementor-element-74487fd elementor-widget elementor-widget-services\" data-id=\"74487fd\" data-element_type=\"widget\" data-widget_type=\"services.default\">\n\t\t\t\t<div class=\"elementor-widget-container\">\n\t\t\t\t\t        \r\n        <div class=\"ms-sb img-top\">\r\n\r\n            \r\n                <div class=\"ms-sb--img boxed\">\r\n                                            <img decoding=\"async\" src=\"https:\/\/theme.madsparrow.me\/most\/wp-content\/uploads\/2022\/10\/layer.svg\" title=\"\" alt=\"\" loading=\"lazy\" \/>                                    <\/div>\r\n\r\n            \r\n            <div class=\"ms-sb--inner\">\r\n                                    <h4 class=\"ms-sb--title\">\r\n                                                    <span>Optimizar Tasa de conversi\u00f3n<\/span>\r\n                                            <\/h4>\r\n                                                    <p class=\"ms-sb--text\">Convierta el tr\u00e1fico en resultados con estrategias de CRO personalizadas que impulsan las conversiones e impulsan el crecimiento.<\/p>\r\n                            <\/div>\r\n\r\n        <\/div>\r\n\r\n        \t\t\t\t<\/div>\n\t\t\t\t<\/div>\n\t\t\t\t\t<\/div>\n\t\t<\/div>\n\t\t\t\t<div class=\"elementor-column elementor-col-33 elementor-inner-column elementor-element elementor-element-7770ffa\" data-id=\"7770ffa\" data-element_type=\"column\">\n\t\t\t<div class=\"elementor-widget-wrap elementor-element-populated\">\n\t\t\t\t\t\t<div class=\"elementor-element elementor-element-697fa0d elementor-widget elementor-widget-services\" data-id=\"697fa0d\" data-element_type=\"widget\" data-widget_type=\"services.default\">\n\t\t\t\t<div class=\"elementor-widget-container\">\n\t\t\t\t\t        \r\n        <div class=\"ms-sb img-top\">\r\n\r\n            \r\n                <div class=\"ms-sb--img boxed\">\r\n                                            <img decoding=\"async\" src=\"https:\/\/theme.madsparrow.me\/most\/wp-content\/uploads\/2022\/10\/code-2.svg\" title=\"\" alt=\"\" loading=\"lazy\" \/>                                    <\/div>\r\n\r\n            \r\n            <div class=\"ms-sb--inner\">\r\n                                    <h4 class=\"ms-sb--title\">\r\n                                                    <span>Dise\u00f1o Gr\u00e1fico<\/span>\r\n                                            <\/h4>\r\n                                                    <p class=\"ms-sb--text\">Crea im\u00e1genes impactantes que comuniquen la esencia de tu marca y aporten sentido.<\/p>\r\n                            <\/div>\r\n\r\n        <\/div>\r\n\r\n        \t\t\t\t<\/div>\n\t\t\t\t<\/div>\n\t\t\t\t\t<\/div>\n\t\t<\/div>\n\t\t\t\t\t<\/div>\n\t\t<\/section>\n\t\t\t\t<div class=\"elementor-element elementor-element-aa1bbde elementor-widget elementor-widget-spacer\" data-id=\"aa1bbde\" data-element_type=\"widget\" data-widget_type=\"spacer.default\">\n\t\t\t\t<div class=\"elementor-widget-container\">\n\t\t\t\t\t\t\t<div class=\"elementor-spacer\">\n\t\t\t<div class=\"elementor-spacer-inner\"><\/div>\n\t\t<\/div>\n\t\t\t\t\t\t<\/div>\n\t\t\t\t<\/div>\n\t\t\t\t<section class=\"elementor-section elementor-inner-section elementor-element elementor-element-1eb7388 elementor-section-full_width elementor-section-height-default elementor-section-height-default\" data-id=\"1eb7388\" data-element_type=\"section\">\n\t\t\t\t\t\t<div class=\"elementor-container elementor-column-gap-no\">\n\t\t\t\t\t<div class=\"elementor-column elementor-col-33 elementor-inner-column elementor-element elementor-element-a8df5c4\" data-id=\"a8df5c4\" data-element_type=\"column\">\n\t\t\t<div class=\"elementor-widget-wrap elementor-element-populated\">\n\t\t\t\t\t\t<div class=\"elementor-element elementor-element-11cd8d4 elementor-widget elementor-widget-services\" data-id=\"11cd8d4\" data-element_type=\"widget\" data-widget_type=\"services.default\">\n\t\t\t\t<div class=\"elementor-widget-container\">\n\t\t\t\t\t        \r\n        <div class=\"ms-sb img-top\">\r\n\r\n            \r\n                <div class=\"ms-sb--img boxed\">\r\n                                            <img decoding=\"async\" src=\"https:\/\/theme.madsparrow.me\/most\/wp-content\/uploads\/2022\/10\/align-vertically.svg\" title=\"\" alt=\"\" loading=\"lazy\" \/>                                    <\/div>\r\n\r\n            \r\n            <div class=\"ms-sb--inner\">\r\n                                    <h4 class=\"ms-sb--title\">\r\n                                                    <span>SEO y SEM<\/span>\r\n                                            <\/h4>\r\n                                                    <p class=\"ms-sb--text\">Aumente su visibilidad y obtenga una mejor clasificaci\u00f3n en los motores de b\u00fasqueda con estrategias de SEO y SEM que impulsan el tr\u00e1fico y mejoran la capacidad de descubrimiento.<\/p>\r\n                            <\/div>\r\n\r\n        <\/div>\r\n\r\n        \t\t\t\t<\/div>\n\t\t\t\t<\/div>\n\t\t\t\t\t<\/div>\n\t\t<\/div>\n\t\t\t\t<div class=\"elementor-column elementor-col-33 elementor-inner-column elementor-element elementor-element-648ed9b\" data-id=\"648ed9b\" data-element_type=\"column\">\n\t\t\t<div class=\"elementor-widget-wrap elementor-element-populated\">\n\t\t\t\t\t\t<div class=\"elementor-element elementor-element-0354c0e elementor-widget elementor-widget-services\" data-id=\"0354c0e\" data-element_type=\"widget\" data-widget_type=\"services.default\">\n\t\t\t\t<div class=\"elementor-widget-container\">\n\t\t\t\t\t        \r\n        <div class=\"ms-sb img-top\">\r\n\r\n            \r\n                <div class=\"ms-sb--img boxed\">\r\n                                            <img decoding=\"async\" src=\"https:\/\/theme.madsparrow.me\/most\/wp-content\/uploads\/2022\/10\/camera.svg\" title=\"\" alt=\"\" loading=\"lazy\" \/>                                    <\/div>\r\n\r\n            \r\n            <div class=\"ms-sb--inner\">\r\n                                    <h4 class=\"ms-sb--title\">\r\n                                                    <span>Fotograf\u00eda<\/span>\r\n                                            <\/h4>\r\n                                                    <p class=\"ms-sb--text\">Captura el coraz\u00f3n de tu marca con fotograf\u00edas profesionales que resalten tu visi\u00f3n.<\/p>\r\n                            <\/div>\r\n\r\n        <\/div>\r\n\r\n        \t\t\t\t<\/div>\n\t\t\t\t<\/div>\n\t\t\t\t\t<\/div>\n\t\t<\/div>\n\t\t\t\t<div class=\"elementor-column elementor-col-33 elementor-inner-column elementor-element elementor-element-2160a68\" data-id=\"2160a68\" data-element_type=\"column\">\n\t\t\t<div class=\"elementor-widget-wrap elementor-element-populated\">\n\t\t\t\t\t\t<div class=\"elementor-element elementor-element-dff01df elementor-widget elementor-widget-services\" data-id=\"dff01df\" data-element_type=\"widget\" data-widget_type=\"services.default\">\n\t\t\t\t<div class=\"elementor-widget-container\">\n\t\t\t\t\t        \r\n        <div class=\"ms-sb img-top\">\r\n\r\n            \r\n                <div class=\"ms-sb--img boxed\">\r\n                                            <img decoding=\"async\" src=\"https:\/\/theme.madsparrow.me\/most\/wp-content\/uploads\/2022\/10\/video-play.svg\" title=\"\" alt=\"\" loading=\"lazy\" \/>                                    <\/div>\r\n\r\n            \r\n            <div class=\"ms-sb--inner\">\r\n                                    <h4 class=\"ms-sb--title\">\r\n                                                    <span>Video<\/span>\r\n                                            <\/h4>\r\n                                                    <p class=\"ms-sb--text\">Cuenta tu historia a trav\u00e9s de videos de alto impacto que atraigan, informen y dejen una impresi\u00f3n duradera.<\/p>\r\n                            <\/div>\r\n\r\n        <\/div>\r\n\r\n        \t\t\t\t<\/div>\n\t\t\t\t<\/div>\n\t\t\t\t\t<\/div>\n\t\t<\/div>\n\t\t\t\t\t<\/div>\n\t\t<\/section>\n\t\t\t\t<div class=\"elementor-element elementor-element-1d5ec5c elementor-widget elementor-widget-spacer\" data-id=\"1d5ec5c\" data-element_type=\"widget\" data-widget_type=\"spacer.default\">\n\t\t\t\t<div class=\"elementor-widget-container\">\n\t\t\t\t\t\t\t<div class=\"elementor-spacer\">\n\t\t\t<div class=\"elementor-spacer-inner\"><\/div>\n\t\t<\/div>\n\t\t\t\t\t\t<\/div>\n\t\t\t\t<\/div>\n\t\t\t\t<section class=\"elementor-section elementor-inner-section elementor-element elementor-element-692efde elementor-section-full_width elementor-section-height-default elementor-section-height-default\" data-id=\"692efde\" data-element_type=\"section\">\n\t\t\t\t\t\t<div class=\"elementor-container elementor-column-gap-no\">\n\t\t\t\t\t<div class=\"elementor-column elementor-col-33 elementor-inner-column elementor-element elementor-element-80c8385\" data-id=\"80c8385\" data-element_type=\"column\">\n\t\t\t<div class=\"elementor-widget-wrap elementor-element-populated\">\n\t\t\t\t\t\t<div class=\"elementor-element elementor-element-4e95dd8 elementor-widget elementor-widget-services\" data-id=\"4e95dd8\" data-element_type=\"widget\" data-widget_type=\"services.default\">\n\t\t\t\t<div class=\"elementor-widget-container\">\n\t\t\t\t\t        \r\n        <div class=\"ms-sb img-top\">\r\n\r\n            \r\n                <div class=\"ms-sb--img boxed\">\r\n                                            <img decoding=\"async\" src=\"https:\/\/theme.madsparrow.me\/most\/wp-content\/uploads\/2022\/10\/layer.svg\" title=\"\" alt=\"\" loading=\"lazy\" \/>                                    <\/div>\r\n\r\n            \r\n            <div class=\"ms-sb--inner\">\r\n                                    <h4 class=\"ms-sb--title\">\r\n                                                    <span>P\u00e1ginas de aterrizaje<\/span>\r\n                                            <\/h4>\r\n                                                    <p class=\"ms-sb--text\">Cree p\u00e1ginas de destino de alta conversi\u00f3n que transformen a los visitantes en clientes leales con un dise\u00f1o atractivo y llamados a la acci\u00f3n claros.<\/p>\r\n                            <\/div>\r\n\r\n        <\/div>\r\n\r\n        \t\t\t\t<\/div>\n\t\t\t\t<\/div>\n\t\t\t\t\t<\/div>\n\t\t<\/div>\n\t\t\t\t<div class=\"elementor-column elementor-col-33 elementor-inner-column elementor-element elementor-element-fbfb346\" data-id=\"fbfb346\" data-element_type=\"column\">\n\t\t\t<div class=\"elementor-widget-wrap elementor-element-populated\">\n\t\t\t\t\t\t<div class=\"elementor-element elementor-element-c63dcee elementor-widget elementor-widget-services\" data-id=\"c63dcee\" data-element_type=\"widget\" data-widget_type=\"services.default\">\n\t\t\t\t<div class=\"elementor-widget-container\">\n\t\t\t\t\t        \r\n        <div class=\"ms-sb img-top\">\r\n\r\n            \r\n                <div class=\"ms-sb--img boxed\">\r\n                                            <img decoding=\"async\" src=\"https:\/\/theme.madsparrow.me\/most\/wp-content\/uploads\/2022\/10\/code-2.svg\" title=\"\" alt=\"\" loading=\"lazy\" \/>                                    <\/div>\r\n\r\n            \r\n            <div class=\"ms-sb--inner\">\r\n                                    <h4 class=\"ms-sb--title\">\r\n                                                    <span>Identidad de marca <\/span>\r\n                                            <\/h4>\r\n                                                    <p class=\"ms-sb--text\">Cree una identidad de marca s\u00f3lida y coherente que resuene y se destaque en un mercado abarrotado.<\/p>\r\n                            <\/div>\r\n\r\n        <\/div>\r\n\r\n        \t\t\t\t<\/div>\n\t\t\t\t<\/div>\n\t\t\t\t\t<\/div>\n\t\t<\/div>\n\t\t\t\t<div class=\"elementor-column elementor-col-33 elementor-inner-column elementor-element elementor-element-a0d9f8e\" data-id=\"a0d9f8e\" data-element_type=\"column\">\n\t\t\t<div class=\"elementor-widget-wrap elementor-element-populated\">\n\t\t\t\t\t\t<div class=\"elementor-element elementor-element-0b0f578 elementor-widget elementor-widget-services\" data-id=\"0b0f578\" data-element_type=\"widget\" data-widget_type=\"services.default\">\n\t\t\t\t<div class=\"elementor-widget-container\">\n\t\t\t\t\t        \r\n        <div class=\"ms-sb img-top\">\r\n\r\n            \r\n                <div class=\"ms-sb--img boxed\">\r\n                                            <img decoding=\"async\" src=\"https:\/\/theme.madsparrow.me\/most\/wp-content\/uploads\/2022\/10\/code-1.svg\" title=\"\" alt=\"\" loading=\"lazy\" \/>                                    <\/div>\r\n\r\n            \r\n            <div class=\"ms-sb--inner\">\r\n                                    <h4 class=\"ms-sb--title\">\r\n                                                    <span>Desarrollo Web<\/span>\r\n                                            <\/h4>\r\n                                                    <p class=\"ms-sb--text\">Crea sitios web r\u00e1pidos, receptivos y f\u00e1ciles de usar que brinden experiencias fluidas.<\/p>\r\n                            <\/div>\r\n\r\n        <\/div>\r\n\r\n        \t\t\t\t<\/div>\n\t\t\t\t<\/div>\n\t\t\t\t\t<\/div>\n\t\t<\/div>\n\t\t\t\t\t<\/div>\n\t\t<\/section>\n\t\t\t\t<div class=\"elementor-element elementor-element-2b0ce7d elementor-widget elementor-widget-spacer\" data-id=\"2b0ce7d\" data-element_type=\"widget\" data-widget_type=\"spacer.default\">\n\t\t\t\t<div class=\"elementor-widget-container\">\n\t\t\t\t\t\t\t<div class=\"elementor-spacer\">\n\t\t\t<div class=\"elementor-spacer-inner\"><\/div>\n\t\t<\/div>\n\t\t\t\t\t\t<\/div>\n\t\t\t\t<\/div>\n\t\t\t\t<div class=\"elementor-element elementor-element-ac3c0c7 elementor-widget elementor-widget-spacer\" data-id=\"ac3c0c7\" data-element_type=\"widget\" data-widget_type=\"spacer.default\">\n\t\t\t\t<div class=\"elementor-widget-container\">\n\t\t\t\t\t\t\t<div class=\"elementor-spacer\">\n\t\t\t<div class=\"elementor-spacer-inner\"><\/div>\n\t\t<\/div>\n\t\t\t\t\t\t<\/div>\n\t\t\t\t<\/div>\n\t\t\t\t\t<\/div>\n\t\t<\/div>\n\t\t\t\t\t<\/div>\n\t\t<\/section>\n\t\t\t\t<\/div>","protected":false},"excerpt":{"rendered":"<p>Services Elevating Brands through Creative Digital Mastery. Marketing Digital Maximize your reach and impact with data-driven digital marketing strategies that convert. CRO Turn traffic [&hellip;]<\/p>","protected":false},"author":1,"featured_media":0,"parent":0,"menu_order":0,"comment_status":"closed","ping_status":"closed","template":"page-custom.php","meta":{"_acf_changed":false,"content-type":"","footnotes":""},"class_list":["post-2419","page","type-page","status-publish","hentry"],"acf":{"full_width":false,"header_transparent":false,"header_white":false},"_links":{"self":[{"href":"https:\/\/agencysensus.mx\/es\/wp-json\/wp\/v2\/pages\/2419","targetHints":{"allow":["GET"]}}],"collection":[{"href":"https:\/\/agencysensus.mx\/es\/wp-json\/wp\/v2\/pages"}],"about":[{"href":"https:\/\/agencysensus.mx\/es\/wp-json\/wp\/v2\/types\/page"}],"author":[{"embeddable":true,"href":"https:\/\/agencysensus.mx\/es\/wp-json\/wp\/v2\/users\/1"}],"replies":[{"embeddable":true,"href":"https:\/\/agencysensus.mx\/es\/wp-json\/wp\/v2\/comments?post=2419"}],"version-history":[{"count":13,"href":"https:\/\/agencysensus.mx\/es\/wp-json\/wp\/v2\/pages\/2419\/revisions"}],"predecessor-version":[{"id":3288,"href":"https:\/\/agencysensus.mx\/es\/wp-json\/wp\/v2\/pages\/2419\/revisions\/3288"}],"wp:attachment":[{"href":"https:\/\/agencysensus.mx\/es\/wp-json\/wp\/v2\/media?parent=2419"}],"curies":[{"name":"wp","href":"https:\/\/api.w.org\/{rel}","templated":true}]}}